{"id":43,"date":"2018-10-14T20:50:59","date_gmt":"2018-10-14T20:50:59","guid":{"rendered":"http:\/\/kimmdacosta.com\/?page_id=43"},"modified":"2021-02-15T23:57:57","modified_gmt":"2021-02-15T21:57:57","slug":"om","status":"publish","type":"page","link":"https:\/\/kimdacosta.com\/?page_id=43","title":{"rendered":"Om"},"content":{"rendered":"\n<div class=\"wp-block-image\"><figure class=\"aligncenter\"><img loading=\"lazy\" decoding=\"async\" width=\"300\" height=\"300\" src=\"https:\/\/media1.kimdacosta.com\/2021\/02\/Ska\u0308rmavbild-2021-02-15-kl.-23.50.27-300x300.png\" alt=\"kim da costa\" class=\"wp-image-33567\" srcset=\"https:\/\/kimdacosta.com\/wp-content\/uploads\/2021\/02\/Ska\u0308rmavbild-2021-02-15-kl.-23.50.27-300x300.png 300w, https:\/\/kimdacosta.com\/wp-content\/uploads\/2021\/02\/Ska\u0308rmavbild-2021-02-15-kl.-23.50.27-150x150.png 150w, https:\/\/kimdacosta.com\/wp-content\/uploads\/2021\/02\/Ska\u0308rmavbild-2021-02-15-kl.-23.50.27.png 597w\" sizes=\"auto, (max-width: 300px) 85vw, 300px\" \/><figcaption>Foto: Benjamin Ilmoni<\/figcaption><\/figure><\/div>\n\n\n\n<p>Jag \u00e4r f\u00f6dd och uppvuxen i v\u00e4stra Sverige, men har bott st\u00f6rre delen av mitt liv i Stockholm.<\/p>\n\n\n\n<p>Sommaren 2015 packade jag mina v\u00e4skor och l\u00e4mnade Sverige och bosatte mig i s\u00f6dra Finland.<\/p>\n\n\n\n<p>Jag lever nu i Helsingfors tillsammans med min hund Blake.<\/p>\n\n\n\n<p>Jag \u00e4lskar politik, popmusik, b\u00f6cker samt djur och har d\u00e4rf\u00f6r varit vegetarian de senaste 20 \u00e5ren.<\/p>\n\n\n\n<p>Under \u00e5ren har jag arbetat som webbdesigner, koordinator, \u00f6vers\u00e4ttare med mera.<\/p>\n\n\n\n<p>Skrivandet har dock alltid varit mitt innersta jag.<\/p>\n\n\n\n<p>Jag b\u00f6rjade blogga 2005 \u2013 strax innan bloggosf\u00e4ren exploderade \u2013 och hade under m\u00e5nga \u00e5r gott om trogna l\u00e4sare (n\u00e5gra av dem blev s\u00e5 sm\u00e5ningom mina n\u00e4rmsta v\u00e4nner).<\/p>\n\n\n\n<p>Efter n\u00e5gra \u00e5r kom Facebook och Twitter och tog \u00f6ver och \u00e4ven jag tog en bloggpaus och koncentrerade mig p\u00e5 mitt politiska skrivande p\u00e5 Israelism.se.<\/p>\n\n\n\n<p>Jag bloggar om s\u00e5dant jag ser och h\u00f6r i min vardag.<\/p>\n\n\n\n<p><strong>KONTAKT: kiremik@gmail.com<\/strong><\/p>\n","protected":false},"excerpt":{"rendered":"<p>Jag \u00e4r f\u00f6dd och uppvuxen i v\u00e4stra Sverige, men har bott st\u00f6rre delen av mitt liv i Stockholm. Sommaren 2015 packade jag mina v\u00e4skor och l\u00e4mnade Sverige och bosatte mig i s\u00f6dra Finland. Jag lever nu i Helsingfors tillsammans med min hund Blake. Jag \u00e4lskar politik, popmusik, b\u00f6cker samt djur och har d\u00e4rf\u00f6r varit vegetarian &hellip; <a href=\"https:\/\/kimdacosta.com\/?page_id=43\" class=\"more-link\">Forts\u00e4tt l\u00e4sa<span class=\"screen-reader-text\"> \u201dOm\u201d<\/span><\/a><\/p>\n","protected":false},"author":2,"featured_media":0,"parent":0,"menu_order":0,"comment_status":"closed","ping_status":"closed","template":"","meta":{"footnotes":""},"class_list":["post-43","page","type-page","status-publish","hentry"],"jetpack_sharing_enabled":true,"_links":{"self":[{"href":"https:\/\/kimdacosta.com\/index.php?rest_route=\/wp\/v2\/pages\/43","targetHints":{"allow":["GET"]}}],"collection":[{"href":"https:\/\/kimdacosta.com\/index.php?rest_route=\/wp\/v2\/pages"}],"about":[{"href":"https:\/\/kimdacosta.com\/index.php?rest_route=\/wp\/v2\/types\/page"}],"author":[{"embeddable":true,"href":"https:\/\/kimdacosta.com\/index.php?rest_route=\/wp\/v2\/users\/2"}],"replies":[{"embeddable":true,"href":"https:\/\/kimdacosta.com\/index.php?rest_route=%2Fwp%2Fv2%2Fcomments&post=43"}],"version-history":[{"count":4,"href":"https:\/\/kimdacosta.com\/index.php?rest_route=\/wp\/v2\/pages\/43\/revisions"}],"predecessor-version":[{"id":33571,"href":"https:\/\/kimdacosta.com\/index.php?rest_route=\/wp\/v2\/pages\/43\/revisions\/33571"}],"wp:attachment":[{"href":"https:\/\/kimdacosta.com\/index.php?rest_route=%2Fwp%2Fv2%2Fmedia&parent=43"}],"curies":[{"name":"wp","href":"https:\/\/api.w.org\/{rel}","templated":true}]}}