{"id":32797,"date":"2020-05-12T14:20:43","date_gmt":"2020-05-12T12:20:43","guid":{"rendered":"http:\/\/kimdacosta.com\/?page_id=32797"},"modified":"2022-09-28T13:37:43","modified_gmt":"2022-09-28T11:37:43","slug":"ladda-ner-bloggbockerna","status":"publish","type":"page","link":"https:\/\/kimdacosta.com\/?page_id=32797","title":{"rendered":"LADDA NER BLOGGB\u00d6CKERNA"},"content":{"rendered":"\n<p><strong>L\u00e4nkarna fungerade inte under en period, p.g.a. systemuppdatering, men nu ska allt fungera som det ska igen.<\/strong><\/p>\n\n\n\n<p>&#8212; &#8212; &#8212; &#8212; &#8212; &#8212; &#8212;<\/p>\n\n\n\n<p>H\u00e4r kan du<strong> <\/strong>helt kostnadsfritt ladda ner mina gamla bloggb\u00f6cker.<br>Varje bok \u00e4r &#8211; s\u00e5 klart- ett historiskt tidsdokument.<br>Skicka f\u00f6r all del g\u00e4rna ett mail och ber\u00e4tta om din l\u00e4supplevelse: <br>kiremik [@] gmail.com.<\/p>\n\n\n\n<p>2005 &#8211; <strong>\u00c5NGEST OCH EUFORI<\/strong><\/p>\n\n\n\n<figure class=\"wp-block-image size-full\"><img loading=\"lazy\" decoding=\"async\" width=\"125\" height=\"175\" src=\"https:\/\/kimdacosta.com\/wp-content\/uploads\/2018\/10\/bok2005.jpg\" alt=\"\" class=\"wp-image-32929\"\/><\/figure>\n\n\n\n<p><a rel=\"noreferrer noopener\" href=\"https:\/\/kimdacosta.com\/wp-content\/uploads\/2019\/11\/2005_angest_COVER.pdf\" target=\"_blank\">Omslag<\/a><\/p>\n\n\n\n<p><a href=\"https:\/\/kimdacosta.com\/wp-content\/uploads\/2019\/11\/2005_angest.pdf\" target=\"_blank\" rel=\"noreferrer noopener\">Inlaga<\/a><\/p>\n\n\n\n<p>&#8212; &#8212; &#8212; &#8212; &#8212; &#8212; &#8212; &#8212; &#8212; &#8212; &#8212; &#8212; &#8212; &#8212; &#8212;<\/p>\n\n\n\n<p>2006 &#8211; <strong>SHAMELESS<\/strong><\/p>\n\n\n\n<figure class=\"wp-block-image size-full\"><img loading=\"lazy\" decoding=\"async\" width=\"125\" height=\"175\" src=\"https:\/\/kimdacosta.com\/wp-content\/uploads\/2018\/10\/bok2006.jpg\" alt=\"\" class=\"wp-image-32930\"\/><\/figure>\n\n\n\n<p><a href=\"https:\/\/kimdacosta.com\/wp-content\/uploads\/2019\/11\/2006_shameless_COVER.pdf\" target=\"_blank\" rel=\"noreferrer noopener\">Omslag<\/a><\/p>\n\n\n\n<p><a href=\"https:\/\/kimdacosta.com\/wp-content\/uploads\/2019\/11\/2006_shameless.pdf\" target=\"_blank\" rel=\"noreferrer noopener\">Inlaga<\/a><\/p>\n\n\n\n<p>&#8212; &#8212; &#8212; &#8212; &#8212; &#8212; &#8212; &#8212; &#8212; &#8212; &#8212; &#8212; &#8212; &#8212; &#8212;<\/p>\n\n\n\n<p>2007 &#8211; <strong>T\u00c4NK OM DETTA \u00c4R KV\u00c4LLEN D\u00c5 N\u00c5GOT UNDERBART H\u00c4NDER<\/strong><\/p>\n\n\n\n<figure class=\"wp-block-image size-full\"><img loading=\"lazy\" decoding=\"async\" width=\"125\" height=\"175\" src=\"https:\/\/kimdacosta.com\/wp-content\/uploads\/2018\/10\/bok2007.jpg\" alt=\"\" class=\"wp-image-32931\"\/><\/figure>\n\n\n\n<p><a href=\"https:\/\/kimdacosta.com\/wp-content\/uploads\/2019\/11\/2007_tank_om_COVER.pdf\" target=\"_blank\" rel=\"noreferrer noopener\">Omslag<\/a><\/p>\n\n\n\n<p><a href=\"https:\/\/kimdacosta.com\/wp-content\/uploads\/2019\/11\/2007_tank_om.pdf\" target=\"_blank\" rel=\"noreferrer noopener\">Inlaga<\/a><\/p>\n\n\n\n<p>&#8212; &#8212; &#8212; &#8212; &#8212; &#8212; &#8212; &#8212; &#8212; &#8212; &#8212; &#8212; &#8212; &#8212; &#8212;<\/p>\n\n\n\n<p>2007 &#8211; <strong>GREATEST HITS (2005-2007)<\/strong><\/p>\n\n\n\n<figure class=\"wp-block-image size-full\"><img loading=\"lazy\" decoding=\"async\" width=\"125\" height=\"175\" src=\"https:\/\/kimdacosta.com\/wp-content\/uploads\/2018\/10\/bok2007_gh.jpg\" alt=\"\" class=\"wp-image-32932\"\/><\/figure>\n\n\n\n<p><a href=\"https:\/\/kimdacosta.com\/wp-content\/uploads\/2019\/11\/Greatest_HitsCOVER.pdf\" target=\"_blank\" rel=\"noreferrer noopener\">Omslag<\/a><\/p>\n\n\n\n<p><a href=\"https:\/\/kimdacosta.com\/wp-content\/uploads\/2019\/11\/GreatestHi.pdf\" target=\"_blank\" rel=\"noreferrer noopener\">Inlaga<\/a><\/p>\n\n\n\n<p>&#8212; &#8212; &#8212; &#8212; &#8212; &#8212; &#8212; &#8212; &#8212; &#8212; &#8212; &#8212; &#8212; &#8212; &#8212;<\/p>\n\n\n\n<p>2008 &#8211; <strong>IG\u00c5R BLEV EN TON\u00c5RST\u00d6S K\u00c4R I MIG<\/strong><\/p>\n\n\n\n<figure class=\"wp-block-image size-full\"><img loading=\"lazy\" decoding=\"async\" width=\"125\" height=\"175\" src=\"https:\/\/kimdacosta.com\/wp-content\/uploads\/2018\/10\/bok2008.jpg\" alt=\"\" class=\"wp-image-21\"\/><\/figure>\n\n\n\n<p><a href=\"https:\/\/kimdacosta.com\/wp-content\/uploads\/2019\/11\/2008_igar_blev_COVER.pdf\" target=\"_blank\" rel=\"noreferrer noopener\">Omslag<\/a><\/p>\n\n\n\n<p><a href=\"https:\/\/kimdacosta.com\/wp-content\/uploads\/2019\/11\/2008_igar_blev.pdf\" target=\"_blank\" rel=\"noreferrer noopener\">Inlaga<\/a><\/p>\n\n\n\n<p>&#8212; &#8212; &#8212; &#8212; &#8212; &#8212; &#8212; &#8212; &#8212; &#8212; &#8212; &#8212; &#8212; &#8212; &#8212;<\/p>\n\n\n\n<p>2009 &#8211; <strong>HAN V\u00c4NTADE VID JERUSALEMS PORTAR<\/strong><\/p>\n\n\n\n<figure class=\"wp-block-image size-full\"><img loading=\"lazy\" decoding=\"async\" width=\"124\" height=\"175\" src=\"https:\/\/kimdacosta.com\/wp-content\/uploads\/2018\/10\/bok2009.jpg\" alt=\"\" class=\"wp-image-22\"\/><\/figure>\n\n\n\n<p><a href=\"https:\/\/kimdacosta.com\/wp-content\/uploads\/2019\/11\/2009_han_vantade_COVER.pdf\" target=\"_blank\" rel=\"noreferrer noopener\">Omslag<\/a><\/p>\n\n\n\n<p><a href=\"https:\/\/kimdacosta.com\/wp-content\/uploads\/2019\/11\/2009_han_vantade.pdf\" target=\"_blank\" rel=\"noreferrer noopener\">Inlaga<\/a><\/p>\n\n\n\n<p>&#8212; &#8212; &#8212; &#8212; &#8212; &#8212; &#8212; &#8212; &#8212; &#8212; &#8212; &#8212; &#8212; &#8212; &#8212;<\/p>\n\n\n\n<p>2010 &#8211; <strong>T\u00c4NK ATT JAG M\u00c5STE BLI S\u00c5 HATAD F\u00d6R ATT BLI S\u00c5 \u00c4LSKAD<\/strong><\/p>\n\n\n\n<figure class=\"wp-block-image size-full\"><img loading=\"lazy\" decoding=\"async\" width=\"125\" height=\"175\" src=\"https:\/\/kimdacosta.com\/wp-content\/uploads\/2018\/10\/bok2010.jpg\" alt=\"\" class=\"wp-image-32933\"\/><\/figure>\n\n\n\n<p><a href=\"https:\/\/kimdacosta.com\/wp-content\/uploads\/2019\/11\/2010_tank_att_COVER.pdf\" target=\"_blank\" rel=\"noreferrer noopener\">Omslag<\/a><\/p>\n\n\n\n<p><a href=\"https:\/\/kimdacosta.com\/wp-content\/uploads\/2019\/11\/2010_tank_att.pdf\" target=\"_blank\" rel=\"noreferrer noopener\">Inlaga<\/a><\/p>\n\n\n\n<p>&#8212; &#8212; &#8212; &#8212; &#8212; &#8212; &#8212; &#8212; &#8212; &#8212; &#8212; &#8212; &#8212; &#8212; &#8212;<\/p>\n\n\n\n<p>2011 &#8211; <strong>ALLTID \u00c4R DET N\u00c5GOT &#8211; MEN JUST NU \u00c4R DET INGENTING<\/strong><\/p>\n\n\n\n<figure class=\"wp-block-image size-full\"><img loading=\"lazy\" decoding=\"async\" width=\"125\" height=\"175\" src=\"https:\/\/kimdacosta.com\/wp-content\/uploads\/2018\/10\/bok2011.jpg\" alt=\"\" class=\"wp-image-32934\"\/><\/figure>\n\n\n\n<p><a href=\"https:\/\/kimdacosta.com\/wp-content\/uploads\/2019\/11\/2011_alltid_COVER.pdf\" target=\"_blank\" rel=\"noreferrer noopener\">Omslag<\/a><\/p>\n\n\n\n<p><a href=\"https:\/\/kimdacosta.com\/wp-content\/uploads\/2019\/11\/2011_alltid.pdf\" target=\"_blank\" rel=\"noreferrer noopener\">Inlaga<\/a><\/p>\n\n\n\n<p>&#8212; &#8212; &#8212; &#8212; &#8212; &#8212; &#8212; &#8212; &#8212; &#8212; &#8212; &#8212; &#8212; &#8212; &#8212;<\/p>\n\n\n\n<p>2012 &#8211; <strong>OCH JAG HAR FORTFARANDE H\u00c5R P\u00c5 HUVUDET<\/strong><\/p>\n\n\n\n<figure class=\"wp-block-image size-full\"><img loading=\"lazy\" decoding=\"async\" width=\"125\" height=\"175\" src=\"https:\/\/kimdacosta.com\/wp-content\/uploads\/2018\/10\/bok2012.jpg\" alt=\"\" class=\"wp-image-32935\"\/><\/figure>\n\n\n\n<p><a href=\"https:\/\/kimdacosta.com\/wp-content\/uploads\/2019\/11\/2012_och_jag_har_COVER.pdf\" target=\"_blank\" rel=\"noreferrer noopener\">Omslag<\/a><\/p>\n\n\n\n<p><a href=\"https:\/\/kimdacosta.com\/wp-content\/uploads\/2019\/11\/2012_och_jag_har.pdf\" target=\"_blank\" rel=\"noreferrer noopener\">Inlaga<\/a><\/p>\n\n\n\n<p>&#8212; &#8212; &#8212; &#8212; &#8212; &#8212; &#8212; &#8212; &#8212; &#8212; &#8212; &#8212; &#8212; &#8212; &#8212;<\/p>\n\n\n\n<p>2013 &#8211; <strong>DAGS ATT BL\u00c5SA I TRUMPETEN<\/strong><\/p>\n\n\n\n<figure class=\"wp-block-image size-full\"><img loading=\"lazy\" decoding=\"async\" width=\"125\" height=\"175\" src=\"https:\/\/kimdacosta.com\/wp-content\/uploads\/2018\/10\/bok2013.jpg\" alt=\"\" class=\"wp-image-32936\"\/><\/figure>\n\n\n\n<p><a href=\"https:\/\/kimdacosta.com\/wp-content\/uploads\/2020\/06\/2013_dags_att_bla\u030asa_i_trumpetenCOVER.pdf\" target=\"_blank\" rel=\"noreferrer noopener\">Omslag<\/a><\/p>\n\n\n\n<p><a href=\"https:\/\/kimdacosta.com\/wp-content\/uploads\/2019\/11\/2013_dags_att_blasa.pdf\" target=\"_blank\" rel=\"noreferrer noopener\">Inlaga<\/a><\/p>\n\n\n\n<p><\/p>\n","protected":false},"excerpt":{"rendered":"<p>L\u00e4nkarna fungerade inte under en period, p.g.a. systemuppdatering, men nu ska allt fungera som det ska igen. &#8212; &#8212; &#8212; &#8212; &#8212; &#8212; &#8212; H\u00e4r kan du helt kostnadsfritt ladda ner mina gamla bloggb\u00f6cker.Varje bok \u00e4r &#8211; s\u00e5 klart- ett historiskt tidsdokument.Skicka f\u00f6r all del g\u00e4rna ett mail och ber\u00e4tta om din l\u00e4supplevelse: kiremik [@] &hellip; <a href=\"https:\/\/kimdacosta.com\/?page_id=32797\" class=\"more-link\">Forts\u00e4tt l\u00e4sa<span class=\"screen-reader-text\"> \u201dLADDA NER BLOGGB\u00d6CKERNA\u201d<\/span><\/a><\/p>\n","protected":false},"author":1,"featured_media":32837,"parent":0,"menu_order":0,"comment_status":"closed","ping_status":"closed","template":"","meta":{"footnotes":""},"class_list":["post-32797","page","type-page","status-publish","has-post-thumbnail","hentry"],"jetpack_sharing_enabled":true,"_links":{"self":[{"href":"https:\/\/kimdacosta.com\/index.php?rest_route=\/wp\/v2\/pages\/32797","targetHints":{"allow":["GET"]}}],"collection":[{"href":"https:\/\/kimdacosta.com\/index.php?rest_route=\/wp\/v2\/pages"}],"about":[{"href":"https:\/\/kimdacosta.com\/index.php?rest_route=\/wp\/v2\/types\/page"}],"author":[{"embeddable":true,"href":"https:\/\/kimdacosta.com\/index.php?rest_route=\/wp\/v2\/users\/1"}],"replies":[{"embeddable":true,"href":"https:\/\/kimdacosta.com\/index.php?rest_route=%2Fwp%2Fv2%2Fcomments&post=32797"}],"version-history":[{"count":6,"href":"https:\/\/kimdacosta.com\/index.php?rest_route=\/wp\/v2\/pages\/32797\/revisions"}],"predecessor-version":[{"id":33992,"href":"https:\/\/kimdacosta.com\/index.php?rest_route=\/wp\/v2\/pages\/32797\/revisions\/33992"}],"wp:featuredmedia":[{"embeddable":true,"href":"https:\/\/kimdacosta.com\/index.php?rest_route=\/wp\/v2\/media\/32837"}],"wp:attachment":[{"href":"https:\/\/kimdacosta.com\/index.php?rest_route=%2Fwp%2Fv2%2Fmedia&parent=32797"}],"curies":[{"name":"wp","href":"https:\/\/api.w.org\/{rel}","templated":true}]}}